{"id":245473,"date":"2024-07-23T14:40:46","date_gmt":"2024-07-23T17:40:46","guid":{"rendered":"https:\/\/eisbit.com\/link\/?page_id=245473"},"modified":"2026-03-02T11:54:14","modified_gmt":"2026-03-02T14:54:14","slug":"link","status":"publish","type":"page","link":"https:\/\/eisbit.com\/link\/","title":{"rendered":"Links"},"content":{"rendered":"<p>[et_pb_section fb_built=&#8221;1&#8243; _builder_version=&#8221;4.27.0&#8243; _module_preset=&#8221;default&#8221; background_color=&#8221;#ededed&#8221; custom_padding=&#8221;10px||10px||false|false&#8221; global_colors_info=&#8221;{}&#8221;][et_pb_row _builder_version=&#8221;4.27.0&#8243; _module_preset=&#8221;default&#8221; custom_padding=&#8221;0px||0px||false|false&#8221; global_colors_info=&#8221;{}&#8221;][et_pb_column type=&#8221;4_4&#8243; _builder_version=&#8221;4.27.0&#8243; _module_preset=&#8221;default&#8221; global_colors_info=&#8221;{}&#8221;][et_pb_image src=&#8221;https:\/\/eisbit.com\/link\/wp-content\/uploads\/2024\/08\/logo-eisbit-200.webp&#8221; title_text=&#8221;logo-eisbit-200&#8243; align=&#8221;center&#8221; _builder_version=&#8221;4.27.0&#8243; _module_preset=&#8221;default&#8221; global_colors_info=&#8221;{}&#8221;][\/et_pb_image][\/et_pb_column][\/et_pb_row][\/et_pb_section][et_pb_section fb_built=&#8221;1&#8243; custom_padding_last_edited=&#8221;on|phone&#8221; _builder_version=&#8221;4.27.0&#8243; _module_preset=&#8221;default&#8221; custom_margin=&#8221;||||false|false&#8221; custom_padding=&#8221;50px||||false|false&#8221; custom_padding_tablet=&#8221;0px||||false|false&#8221; custom_padding_phone=&#8221;0px||||false|false&#8221; global_colors_info=&#8221;{}&#8221;][et_pb_row column_structure=&#8221;1_4,1_4,1_4,1_4&#8243; custom_padding_last_edited=&#8221;on|phone&#8221; _builder_version=&#8221;4.27.0&#8243; _module_preset=&#8221;default&#8221; width=&#8221;90%&#8221; custom_padding_tablet=&#8221;&#8221; custom_padding_phone=&#8221;||0px||false|false&#8221; global_colors_info=&#8221;{}&#8221;][et_pb_column type=&#8221;1_4&#8243; module_class=&#8221;custom-column2&#8243; _builder_version=&#8221;4.27.0&#8243; _module_preset=&#8221;default&#8221; global_colors_info=&#8221;{}&#8221;][et_pb_blurb title=&#8221;WhatsApp&#8221; url_new_window=&#8221;on&#8221; use_icon=&#8221;on&#8221; font_icon=&#8221;&#xf232;||fa||400&#8243; icon_color=&#8221;#8AC748&#8243; image_icon_width=&#8221;72px&#8221; _builder_version=&#8221;4.27.0&#8243; _module_preset=&#8221;default&#8221; header_font=&#8221;|700|||||||&#8221; header_text_align=&#8221;center&#8221; header_font_size=&#8221;22px&#8221; body_text_align=&#8221;center&#8221; body_text_color=&#8221;RGBA(255,255,255,0)&#8221; body_font_size=&#8221;16px&#8221; link_option_url=&#8221;http:\/\/api.whatsapp.com\/send?1=pt_BR&#038;phone=554730456545&#8243; link_option_url_new_window=&#8221;on&#8221; body_text_color_tablet=&#8221;#0A0000&#8243; body_text_color_phone=&#8221;#0A0000&#8243; body_text_color_last_edited=&#8221;on|tablet&#8221; global_colors_info=&#8221;{}&#8221; body_font_size__hover_enabled=&#8221;off|desktop&#8221; body_font_size__hover=&#8221;14px&#8221; body_text_color__hover_enabled=&#8221;on|desktop&#8221; body_text_color__hover=&#8221;#0A0000&#8243;]<\/p>\n<p>Entre em contato direto conosco de forma r\u00e1pida e direta.<\/p>\n<p>[\/et_pb_blurb][\/et_pb_column][et_pb_column type=&#8221;1_4&#8243; module_class=&#8221;custom-column2&#8243; _builder_version=&#8221;4.27.0&#8243; _module_preset=&#8221;default&#8221; global_colors_info=&#8221;{}&#8221;][et_pb_blurb title=&#8221;Ligar&#8221; use_icon=&#8221;on&#8221; font_icon=&#8221;&#xf879;||fa||900&#8243; icon_color=&#8221;#0683B3&#8243; image_icon_width=&#8221;72px&#8221; _builder_version=&#8221;4.27.0&#8243; _module_preset=&#8221;default&#8221; header_font=&#8221;|700|||||||&#8221; header_text_align=&#8221;center&#8221; header_font_size=&#8221;22px&#8221; body_text_align=&#8221;center&#8221; body_text_color=&#8221;RGBA(255,255,255,0)&#8221; body_font_size=&#8221;16px&#8221; link_option_url=&#8221; tel:+554730456545&#8243; link_option_url_new_window=&#8221;on&#8221; body_text_color_tablet=&#8221;#0A0000&#8243; body_text_color_phone=&#8221;#0A0000&#8243; body_text_color_last_edited=&#8221;on|tablet&#8221; global_colors_info=&#8221;{}&#8221; body_font_size__hover_enabled=&#8221;off|desktop&#8221; body_font_size__hover=&#8221;14px&#8221; body_text_color__hover_enabled=&#8221;on|desktop&#8221; body_text_color__hover=&#8221;#0A0000&#8243;]<\/p>\n<p><span>Precisa de mais informa\u00e7\u00f5es? S\u00f3 ligar.<\/span><\/p>\n<p>[\/et_pb_blurb][\/et_pb_column][et_pb_column type=&#8221;1_4&#8243; module_class=&#8221;custom-column2&#8243; _builder_version=&#8221;4.27.0&#8243; _module_preset=&#8221;default&#8221; global_colors_info=&#8221;{}&#8221;][et_pb_blurb title=&#8221;Instagram&#8221; url_new_window=&#8221;on&#8221; use_icon=&#8221;on&#8221; font_icon=&#8221;&#xe0b1;||divi||400&#8243; icon_color=&#8221;#d1497f&#8221; image_icon_width=&#8221;72px&#8221; _builder_version=&#8221;4.27.3&#8243; _module_preset=&#8221;default&#8221; header_font=&#8221;|700|||||||&#8221; header_text_align=&#8221;center&#8221; header_font_size=&#8221;22px&#8221; body_text_align=&#8221;center&#8221; body_text_color=&#8221;RGBA(255,255,255,0)&#8221; body_font_size=&#8221;16px&#8221; link_option_url=&#8221;https:\/\/www.instagram.com\/eisbit.info\/&#8221; link_option_url_new_window=&#8221;on&#8221; body_text_color_tablet=&#8221;#0A0000&#8243; body_text_color_phone=&#8221;#0A0000&#8243; body_text_color_last_edited=&#8221;on|phone&#8221; global_colors_info=&#8221;{}&#8221; body_font_size__hover_enabled=&#8221;off|desktop&#8221; body_font_size__hover=&#8221;14px&#8221; body_text_color__hover_enabled=&#8221;on|desktop&#8221; body_text_color__hover=&#8221;#0A0000&#8243;]<\/p>\n<p><span>Estamos nas Redes Sociais, fique por dentro das novidades.<\/span><br \/><span>Curta e compartilhe!<\/span><\/p>\n<p>[\/et_pb_blurb][\/et_pb_column][et_pb_column type=&#8221;1_4&#8243; module_class=&#8221;custom-column2&#8243; _builder_version=&#8221;4.27.0&#8243; _module_preset=&#8221;default&#8221; global_colors_info=&#8221;{}&#8221;][et_pb_blurb title=&#8221;Facebook&#8221; url_new_window=&#8221;on&#8221; use_icon=&#8221;on&#8221; font_icon=&#8221;&#xf09a;||fa||400&#8243; icon_color=&#8221;#245573&#8243; image_icon_width=&#8221;72px&#8221; _builder_version=&#8221;4.27.0&#8243; _module_preset=&#8221;default&#8221; header_font=&#8221;|700|||||||&#8221; header_text_align=&#8221;center&#8221; header_font_size=&#8221;22px&#8221; body_text_align=&#8221;center&#8221; body_text_color=&#8221;RGBA(255,255,255,0)&#8221; body_font_size=&#8221;16px&#8221; link_option_url=&#8221;https:\/\/www.facebook.com\/eisbit&#8221; link_option_url_new_window=&#8221;on&#8221; body_text_color_tablet=&#8221;#0A0000&#8243; body_text_color_phone=&#8221;#0A0000&#8243; body_text_color_last_edited=&#8221;on|phone&#8221; global_colors_info=&#8221;{}&#8221; body_font_size__hover_enabled=&#8221;off|desktop&#8221; body_font_size__hover=&#8221;14px&#8221; body_text_color__hover_enabled=&#8221;on|desktop&#8221; body_text_color__hover=&#8221;#0A0000&#8243;]<\/p>\n<p><span>Estamos nas Redes Sociais, fique por dentro das novidades.<\/span><br \/><span>Curta e compartilhe!<\/span><\/p>\n<p>[\/et_pb_blurb][\/et_pb_column][\/et_pb_row][et_pb_row column_structure=&#8221;1_4,1_4,1_4,1_4&#8243; custom_padding_last_edited=&#8221;on|phone&#8221; _builder_version=&#8221;4.27.0&#8243; _module_preset=&#8221;default&#8221; width=&#8221;90%&#8221; custom_padding=&#8221;||||false|false&#8221; custom_padding_tablet=&#8221;10px||||false|false&#8221; custom_padding_phone=&#8221;0px||||false|false&#8221; global_colors_info=&#8221;{}&#8221;][et_pb_column type=&#8221;1_4&#8243; module_class=&#8221;custom-column2&#8243; _builder_version=&#8221;4.27.0&#8243; _module_preset=&#8221;default&#8221; global_colors_info=&#8221;{}&#8221;][et_pb_blurb title=&#8221;Site&#8221; use_icon=&#8221;on&#8221; font_icon=&#8221;&#xe0e3;||divi||400&#8243; icon_color=&#8221;#8AC748&#8243; image_icon_width=&#8221;72px&#8221; _builder_version=&#8221;4.27.6&#8243; _module_preset=&#8221;default&#8221; header_font=&#8221;|700|||||||&#8221; header_text_align=&#8221;center&#8221; header_font_size=&#8221;22px&#8221; body_text_align=&#8221;center&#8221; body_text_color=&#8221;RGBA(255,255,255,0)&#8221; body_font_size=&#8221;16px&#8221; link_option_url=&#8221;https:\/\/eisbitinformatica.com.br\/&#8221; link_option_url_new_window=&#8221;on&#8221; hover_enabled=&#8221;0&#8243; body_text_color_tablet=&#8221;#0A0000&#8243; body_text_color_phone=&#8221;#0A0000&#8243; body_text_color_last_edited=&#8221;on|phone&#8221; global_colors_info=&#8221;{}&#8221; body_font_size__hover_enabled=&#8221;off|desktop&#8221; body_font_size__hover=&#8221;14px&#8221; body_text_color__hover_enabled=&#8221;on|desktop&#8221; body_text_color__hover=&#8221;#0A0000&#8243; url_new_window=&#8221;on&#8221; sticky_enabled=&#8221;0&#8243;]<\/p>\n<p><span>Saiba mais sobre nossa empresa.<\/span><\/p>\n<p>[\/et_pb_blurb][\/et_pb_column][et_pb_column type=&#8221;1_4&#8243; module_class=&#8221;custom-column2&#8243; _builder_version=&#8221;4.27.0&#8243; _module_preset=&#8221;default&#8221; global_colors_info=&#8221;{}&#8221;][et_pb_blurb title=&#8221;Localiza\u00e7\u00e3o&#8221; url_new_window=&#8221;on&#8221; use_icon=&#8221;on&#8221; font_icon=&#8221;&#xe081;||divi||400&#8243; icon_color=&#8221;#0683B3&#8243; image_icon_width=&#8221;72px&#8221; _builder_version=&#8221;4.27.0&#8243; _module_preset=&#8221;default&#8221; header_font=&#8221;|700|||||||&#8221; header_text_align=&#8221;center&#8221; header_font_size=&#8221;22px&#8221; body_text_align=&#8221;center&#8221; body_text_color=&#8221;RGBA(255,255,255,0)&#8221; body_font_size=&#8221;16px&#8221; link_option_url=&#8221;https:\/\/www.google.com\/maps?ll=-26.907129,-48.671983&#038;z=14&#038;t=m&#038;hl=pt-BR&#038;gl=US&#038;mapclient=embed&#038;cid=3008434868378066493&#8243; link_option_url_new_window=&#8221;on&#8221; body_text_color_tablet=&#8221;#0A0000&#8243; body_text_color_phone=&#8221;#0A0000&#8243; body_text_color_last_edited=&#8221;on|phone&#8221; global_colors_info=&#8221;{}&#8221; body_font_size__hover_enabled=&#8221;off|desktop&#8221; body_font_size__hover=&#8221;14px&#8221; body_text_color__hover_enabled=&#8221;on|desktop&#8221; body_text_color__hover=&#8221;#0A0000&#8243;]<\/p>\n<p><span>Veja como chegar em nossa loja.<\/span><\/p>\n<p>[\/et_pb_blurb][\/et_pb_column][et_pb_column type=&#8221;1_4&#8243; module_class=&#8221;custom-column2&#8243; _builder_version=&#8221;4.27.0&#8243; _module_preset=&#8221;default&#8221; global_colors_info=&#8221;{}&#8221;][et_pb_blurb title=&#8221;E-mail&#8221; use_icon=&#8221;on&#8221; font_icon=&#8221;&#xe076;||divi||400&#8243; icon_color=&#8221;#8AC748&#8243; image_icon_width=&#8221;72px&#8221; _builder_version=&#8221;4.27.0&#8243; _module_preset=&#8221;default&#8221; header_font=&#8221;|700|||||||&#8221; header_text_align=&#8221;center&#8221; header_font_size=&#8221;22px&#8221; body_text_align=&#8221;center&#8221; body_text_color=&#8221;RGBA(255,255,255,0)&#8221; body_font_size=&#8221;16px&#8221; link_option_url=&#8221;mailto:contato@eisbit.com&#8221; link_option_url_new_window=&#8221;on&#8221; body_text_color_tablet=&#8221;#0A0000&#8243; body_text_color_phone=&#8221;#0A0000&#8243; body_text_color_last_edited=&#8221;on|phone&#8221; global_colors_info=&#8221;{}&#8221; body_font_size__hover_enabled=&#8221;off|desktop&#8221; body_font_size__hover=&#8221;14px&#8221; body_text_color__hover_enabled=&#8221;on|desktop&#8221; body_text_color__hover=&#8221;#0A0000&#8243;]<\/p>\n<p><span>Precisa de ajuda ou or\u00e7amento? Entre com contato!<\/span><\/p>\n<p>[\/et_pb_blurb][et_pb_code _builder_version=&#8221;4.27.0&#8243; _module_preset=&#8221;default&#8221; global_colors_info=&#8221;{}&#8221;]<\/p>\n<style>.custom-column2 {display: inline-block; max-width :50%} <\/style>\n<p>[\/et_pb_code][\/et_pb_column][et_pb_column type=&#8221;1_4&#8243; module_class=&#8221;custom-column2&#8243; _builder_version=&#8221;4.27.0&#8243; _module_preset=&#8221;default&#8221; global_colors_info=&#8221;{}&#8221;][et_pb_blurb title=&#8221;Informa\u00e7\u00f5es&#8221; url_new_window=&#8221;on&#8221; use_icon=&#8221;on&#8221; font_icon=&#8221;&#xf059;||fa||900&#8243; icon_color=&#8221;#0683B3&#8243; image_icon_width=&#8221;72px&#8221; _builder_version=&#8221;4.27.6&#8243; _module_preset=&#8221;default&#8221; header_font=&#8221;|700|||||||&#8221; header_text_align=&#8221;center&#8221; header_font_size=&#8221;22px&#8221; body_text_align=&#8221;center&#8221; body_text_color=&#8221;RGBA(255,255,255,0)&#8221; body_font_size=&#8221;16px&#8221; link_option_url=&#8221;https:\/\/eisbitinformatica.com.br\/&#8221; link_option_url_new_window=&#8221;on&#8221; hover_enabled=&#8221;0&#8243; body_text_color_tablet=&#8221;#0A0000&#8243; body_text_color_phone=&#8221;#0A0000&#8243; body_text_color_last_edited=&#8221;on|phone&#8221; global_colors_info=&#8221;{}&#8221; body_font_size__hover_enabled=&#8221;off|desktop&#8221; body_font_size__hover=&#8221;14px&#8221; body_text_color__hover_enabled=&#8221;on|desktop&#8221; body_text_color__hover=&#8221;#0A0000&#8243; sticky_enabled=&#8221;0&#8243;]<\/p>\n<p><span>Saiba mais sobre nossa empresa!<\/span><\/p>\n<p>[\/et_pb_blurb][\/et_pb_column][\/et_pb_row][\/et_pb_section]<\/p>\n","protected":false},"excerpt":{"rendered":"<p>Entre em contato direto conosco de forma r\u00e1pida e direta.Precisa de mais informa\u00e7\u00f5es? S\u00f3 ligar.Estamos nas Redes Sociais, fique por dentro das novidades.Curta e compartilhe!Estamos nas Redes Sociais, fique por dentro das novidades.Curta e compartilhe!Saiba mais sobre nossa empresa.Veja como chegar em nossa loja.Precisa de ajuda ou or\u00e7amento? Entre com contato!Saiba mais sobre nossa empresa!<\/p>\n","protected":false},"author":3,"featured_media":0,"parent":0,"menu_order":0,"comment_status":"closed","ping_status":"closed","template":"page-template-blank.php","meta":{"_seopress_robots_primary_cat":"","_seopress_titles_title":"","_seopress_titles_desc":"","_seopress_robots_index":"","_et_pb_use_builder":"on","_et_pb_old_content":"","_et_gb_content_width":"","footnotes":""},"class_list":["post-245473","page","type-page","status-publish","hentry"],"_links":{"self":[{"href":"https:\/\/eisbit.com\/link\/wp-json\/wp\/v2\/pages\/245473","targetHints":{"allow":["GET"]}}],"collection":[{"href":"https:\/\/eisbit.com\/link\/wp-json\/wp\/v2\/pages"}],"about":[{"href":"https:\/\/eisbit.com\/link\/wp-json\/wp\/v2\/types\/page"}],"author":[{"embeddable":true,"href":"https:\/\/eisbit.com\/link\/wp-json\/wp\/v2\/users\/3"}],"replies":[{"embeddable":true,"href":"https:\/\/eisbit.com\/link\/wp-json\/wp\/v2\/comments?post=245473"}],"version-history":[{"count":48,"href":"https:\/\/eisbit.com\/link\/wp-json\/wp\/v2\/pages\/245473\/revisions"}],"predecessor-version":[{"id":245576,"href":"https:\/\/eisbit.com\/link\/wp-json\/wp\/v2\/pages\/245473\/revisions\/245576"}],"wp:attachment":[{"href":"https:\/\/eisbit.com\/link\/wp-json\/wp\/v2\/media?parent=245473"}],"curies":[{"name":"wp","href":"https:\/\/api.w.org\/{rel}","templated":true}]}}